{"id":226,"date":"2025-01-20T10:54:01","date_gmt":"2025-01-20T10:54:01","guid":{"rendered":"https:\/\/gcaremed.com\/home-page\/"},"modified":"2025-02-06T13:40:57","modified_gmt":"2025-02-06T13:40:57","slug":"home-page","status":"publish","type":"page","link":"https:\/\/gcaremed.com\/de\/","title":{"rendered":"\u00dcber"},"content":{"rendered":"\t\t<div data-elementor-type=\"wp-page\" data-elementor-id=\"226\" class=\"elementor elementor-226 elementor-9\" data-elementor-post-type=\"page\">\n\t\t\t\t\t\t<section class=\"elementor-section elementor-top-section elementor-element elementor-element-ece36f6 elementor-section-height-min-height elementor-section-boxed elementor-section-height-default elementor-section-items-middle\" data-id=\"ece36f6\" data-element_type=\"section\" data-e-type=\"section\" data-settings=\"{&quot;background_background&quot;:&quot;classic&quot;}\">\n\t\t\t\t\t\t<div class=\"elementor-container elementor-column-gap-default\">\n\t\t\t\t\t<div class=\"elementor-column elementor-col-100 elementor-top-column elementor-element elementor-element-0183c24\" data-id=\"0183c24\" data-element_type=\"column\" data-e-type=\"column\">\n\t\t\t<div class=\"elementor-widget-wrap\">\n\t\t\t\t\t\t\t<\/div>\n\t\t<\/div>\n\t\t\t\t\t<\/div>\n\t\t<\/section>\n\t\t\t\t<section class=\"elementor-section elementor-top-section elementor-element elementor-element-af513d9 elementor-section-content-middle elementor-reverse-tablet elementor-reverse-mobile elementor-section-boxed elementor-section-height-default elementor-section-height-default\" data-id=\"af513d9\" data-element_type=\"section\" data-e-type=\"section\">\n\t\t\t\t\t\t<div class=\"elementor-container elementor-column-gap-default\">\n\t\t\t\t\t<div class=\"elementor-column elementor-col-50 elementor-top-column elementor-element elementor-element-e597644\" data-id=\"e597644\" data-element_type=\"column\" data-e-type=\"column\">\n\t\t\t<div class=\"elementor-widget-wrap elementor-element-populated\">\n\t\t\t\t\t\t<div class=\"elementor-element elementor-element-1b6560c elementor-widget elementor-widget-image\" data-id=\"1b6560c\" data-element_type=\"widget\" data-e-type=\"widget\" data-widget_type=\"image.default\">\n\t\t\t\t<div class=\"elementor-widget-container\">\n\t\t\t\t\t\t\t\t\t\t\t\t\t\t\t<img fetchpriority=\"high\" decoding=\"async\" width=\"351\" height=\"282\" src=\"https:\/\/gcaremed.com\/wp-content\/uploads\/2025\/01\/Vital-signs-Monitoring-Analysis.png\" class=\"attachment-large size-large wp-image-212\" alt=\"\" srcset=\"https:\/\/gcaremed.com\/wp-content\/uploads\/2025\/01\/Vital-signs-Monitoring-Analysis.png 351w, https:\/\/gcaremed.com\/wp-content\/uploads\/2025\/01\/Vital-signs-Monitoring-Analysis-300x241.png 300w\" sizes=\"(max-width: 351px) 100vw, 351px\" \/>\t\t\t\t\t\t\t\t\t\t\t\t\t\t\t<\/div>\n\t\t\t\t<\/div>\n\t\t\t\t<div class=\"elementor-element elementor-element-936e328 elementor-mobile-align-center elementor-widget elementor-widget-button\" data-id=\"936e328\" data-element_type=\"widget\" data-e-type=\"widget\" data-widget_type=\"button.default\">\n\t\t\t\t<div class=\"elementor-widget-container\">\n\t\t\t\t\t\t\t\t\t<div class=\"elementor-button-wrapper\">\n\t\t\t\t\t<a class=\"elementor-button elementor-button-link elementor-size-sm\" href=\"http:\/\/gcaremed.com\/contact-us\/\">\n\t\t\t\t\t\t<span class=\"elementor-button-content-wrapper\">\n\t\t\t\t\t\t\t\t\t<span class=\"elementor-button-text\">Demo anfordern<\/span>\n\t\t\t\t\t<\/span>\n\t\t\t\t\t<\/a>\n\t\t\t\t<\/div>\n\t\t\t\t\t\t\t\t<\/div>\n\t\t\t\t<\/div>\n\t\t\t\t\t<\/div>\n\t\t<\/div>\n\t\t\t\t<div class=\"elementor-column elementor-col-50 elementor-top-column elementor-element elementor-element-6350623\" data-id=\"6350623\" data-element_type=\"column\" data-e-type=\"column\">\n\t\t\t<div class=\"elementor-widget-wrap elementor-element-populated\">\n\t\t\t\t\t\t<div class=\"elementor-element elementor-element-fe7b4d1 elementor-widget elementor-widget-image\" data-id=\"fe7b4d1\" data-element_type=\"widget\" data-e-type=\"widget\" data-widget_type=\"image.default\">\n\t\t\t\t<div class=\"elementor-widget-container\">\n\t\t\t\t\t\t\t\t\t\t\t\t\t\t\t<img decoding=\"async\" width=\"4032\" height=\"3024\" src=\"https:\/\/gcaremed.com\/wp-content\/uploads\/2025\/01\/IMG_4731a.png\" class=\"attachment-full size-full wp-image-211\" alt=\"\" srcset=\"https:\/\/gcaremed.com\/wp-content\/uploads\/2025\/01\/IMG_4731a.png 4032w, https:\/\/gcaremed.com\/wp-content\/uploads\/2025\/01\/IMG_4731a-300x225.png 300w, https:\/\/gcaremed.com\/wp-content\/uploads\/2025\/01\/IMG_4731a-1024x768.png 1024w, https:\/\/gcaremed.com\/wp-content\/uploads\/2025\/01\/IMG_4731a-768x576.png 768w, https:\/\/gcaremed.com\/wp-content\/uploads\/2025\/01\/IMG_4731a-1536x1152.png 1536w, https:\/\/gcaremed.com\/wp-content\/uploads\/2025\/01\/IMG_4731a-2048x1536.png 2048w\" sizes=\"(max-width: 4032px) 100vw, 4032px\" \/>\t\t\t\t\t\t\t\t\t\t\t\t\t\t\t<\/div>\n\t\t\t\t<\/div>\n\t\t\t\t\t<\/div>\n\t\t<\/div>\n\t\t\t\t\t<\/div>\n\t\t<\/section>\n\t\t\t\t<section class=\"elementor-section elementor-top-section elementor-element elementor-element-0196671 elementor-section-boxed elementor-section-height-default elementor-section-height-default\" data-id=\"0196671\" data-element_type=\"section\" data-e-type=\"section\">\n\t\t\t\t\t\t<div class=\"elementor-container elementor-column-gap-default\">\n\t\t\t\t\t<div class=\"elementor-column elementor-col-100 elementor-top-column elementor-element elementor-element-9a28bc2\" data-id=\"9a28bc2\" data-element_type=\"column\" data-e-type=\"column\">\n\t\t\t<div class=\"elementor-widget-wrap elementor-element-populated\">\n\t\t\t\t\t\t<div class=\"elementor-element elementor-element-6f13b31 elementor-widget elementor-widget-heading\" data-id=\"6f13b31\" data-element_type=\"widget\" data-e-type=\"widget\" data-widget_type=\"heading.default\">\n\t\t\t\t<div class=\"elementor-widget-container\">\n\t\t\t\t\t<h1 class=\"elementor-heading-title elementor-size-default\"><b>Verbessern Sie die Pflege \u00e4lterer Menschen mit dem<\/b><br><br><b>G-CARE-Armband<\/b><\/h1>\t\t\t\t<\/div>\n\t\t\t\t<\/div>\n\t\t\t\t<div class=\"elementor-element elementor-element-33a7c10 elementor-widget elementor-widget-text-editor\" data-id=\"33a7c10\" data-element_type=\"widget\" data-e-type=\"widget\" data-widget_type=\"text-editor.default\">\n\t\t\t\t<div class=\"elementor-widget-container\">\n\t\t\t\t\t\t\t\t\t<p>Studien zeigen, dass Senioren, die bequem zu Hause leben, bessere medizinische Ergebnisse erzielen und eine h\u00f6here Lebensqualit\u00e4t haben als Menschen in Pflegeeinrichtungen. Die Sicherstellung einer angemessenen Gesundheits\u00fcberwachung zu Hause kann jedoch eine gro\u00dfe Herausforderung darstellen.<\/p><p>\u00a0<\/p><p>Das G-CARE-Armband bietet eine innovative, zuverl\u00e4ssige und benutzerfreundliche L\u00f6sung f\u00fcr die \u00dcberwachung des Gesundheitszustands \u00e4lterer Menschen zu Hause. G-CARE wurde entwickelt, um eine kontinuierliche Unterst\u00fctzung zu bieten und erm\u00f6glicht es Pflegern und Familien, das Wohlbefinden ihrer Angeh\u00f6rigen mit Leichtigkeit und Zuversicht sicherzustellen.<\/p>\t\t\t\t\t\t\t\t<\/div>\n\t\t\t\t<\/div>\n\t\t\t\t\t<\/div>\n\t\t<\/div>\n\t\t\t\t\t<\/div>\n\t\t<\/section>\n\t\t\t\t<section class=\"elementor-section elementor-top-section elementor-element elementor-element-507311b elementor-section-height-min-height elementor-section-boxed elementor-section-height-default elementor-section-items-middle\" data-id=\"507311b\" data-element_type=\"section\" data-e-type=\"section\" data-settings=\"{&quot;background_background&quot;:&quot;classic&quot;}\">\n\t\t\t\t\t\t<div class=\"elementor-container elementor-column-gap-default\">\n\t\t\t\t\t<div class=\"elementor-column elementor-col-100 elementor-top-column elementor-element elementor-element-f9b166f\" data-id=\"f9b166f\" data-element_type=\"column\" data-e-type=\"column\">\n\t\t\t<div class=\"elementor-widget-wrap elementor-element-populated\">\n\t\t\t\t\t\t<div class=\"elementor-element elementor-element-ce9dd0a elementor-widget elementor-widget-heading\" data-id=\"ce9dd0a\" data-element_type=\"widget\" data-e-type=\"widget\" data-widget_type=\"heading.default\">\n\t\t\t\t<div class=\"elementor-widget-container\">\n\t\t\t\t\t<h2 class=\"elementor-heading-title elementor-size-default\">Entworfen f\u00fcr diejenigen, die sich k\u00fcmmern:<\/h2>\t\t\t\t<\/div>\n\t\t\t\t<\/div>\n\t\t\t\t<div class=\"elementor-element elementor-element-e1791bc elementor-widget elementor-widget-heading\" data-id=\"e1791bc\" data-element_type=\"widget\" data-e-type=\"widget\" data-widget_type=\"heading.default\">\n\t\t\t\t<div class=\"elementor-widget-container\">\n\t\t\t\t\t<h2 class=\"elementor-heading-title elementor-size-default\">St\u00e4rkung von Betreuern und Senioren<\/h2>\t\t\t\t<\/div>\n\t\t\t\t<\/div>\n\t\t\t\t<section class=\"elementor-section elementor-inner-section elementor-element elementor-element-7e419b8 elementor-section-boxed elementor-section-height-default elementor-section-height-default\" data-id=\"7e419b8\" data-element_type=\"section\" data-e-type=\"section\">\n\t\t\t\t\t\t<div class=\"elementor-container elementor-column-gap-default\">\n\t\t\t\t\t<div class=\"elementor-column elementor-col-25 elementor-inner-column elementor-element elementor-element-13adefc\" data-id=\"13adefc\" data-element_type=\"column\" data-e-type=\"column\">\n\t\t\t<div class=\"elementor-widget-wrap elementor-element-populated\">\n\t\t\t\t\t\t<div class=\"elementor-element elementor-element-7e3c60e elementor-position-top elementor-widget elementor-widget-image-box\" data-id=\"7e3c60e\" data-element_type=\"widget\" data-e-type=\"widget\" data-widget_type=\"image-box.default\">\n\t\t\t\t<div class=\"elementor-widget-container\">\n\t\t\t\t\t<div class=\"elementor-image-box-wrapper\"><figure class=\"elementor-image-box-img\"><img decoding=\"async\" width=\"2542\" height=\"2455\" src=\"https:\/\/gcaremed.com\/wp-content\/uploads\/2025\/01\/1-01.png\" class=\"attachment-full size-full wp-image-205\" alt=\"\" srcset=\"https:\/\/gcaremed.com\/wp-content\/uploads\/2025\/01\/1-01.png 2542w, https:\/\/gcaremed.com\/wp-content\/uploads\/2025\/01\/1-01-300x290.png 300w, https:\/\/gcaremed.com\/wp-content\/uploads\/2025\/01\/1-01-1024x989.png 1024w, https:\/\/gcaremed.com\/wp-content\/uploads\/2025\/01\/1-01-768x742.png 768w, https:\/\/gcaremed.com\/wp-content\/uploads\/2025\/01\/1-01-1536x1483.png 1536w, https:\/\/gcaremed.com\/wp-content\/uploads\/2025\/01\/1-01-2048x1978.png 2048w\" sizes=\"(max-width: 2542px) 100vw, 2542px\" \/><\/figure><div class=\"elementor-image-box-content\"><p class=\"elementor-image-box-description\">F\u00f6rderung der Unabh\u00e4ngigkeit f\u00fcr \nSenioren und behinderte Menschen zu Hause\n<\/p><\/div><\/div>\t\t\t\t<\/div>\n\t\t\t\t<\/div>\n\t\t\t\t\t<\/div>\n\t\t<\/div>\n\t\t\t\t<div class=\"elementor-column elementor-col-25 elementor-inner-column elementor-element elementor-element-24fc8b8\" data-id=\"24fc8b8\" data-element_type=\"column\" data-e-type=\"column\">\n\t\t\t<div class=\"elementor-widget-wrap elementor-element-populated\">\n\t\t\t\t\t\t<div class=\"elementor-element elementor-element-80ce637 elementor-position-top elementor-widget elementor-widget-image-box\" data-id=\"80ce637\" data-element_type=\"widget\" data-e-type=\"widget\" data-widget_type=\"image-box.default\">\n\t\t\t\t<div class=\"elementor-widget-container\">\n\t\t\t\t\t<div class=\"elementor-image-box-wrapper\"><figure class=\"elementor-image-box-img\"><img loading=\"lazy\" decoding=\"async\" width=\"2542\" height=\"2455\" src=\"https:\/\/gcaremed.com\/wp-content\/uploads\/2025\/01\/2-01.png\" class=\"attachment-full size-full wp-image-206\" alt=\"\" srcset=\"https:\/\/gcaremed.com\/wp-content\/uploads\/2025\/01\/2-01.png 2542w, https:\/\/gcaremed.com\/wp-content\/uploads\/2025\/01\/2-01-300x290.png 300w, https:\/\/gcaremed.com\/wp-content\/uploads\/2025\/01\/2-01-1024x989.png 1024w, https:\/\/gcaremed.com\/wp-content\/uploads\/2025\/01\/2-01-768x742.png 768w, https:\/\/gcaremed.com\/wp-content\/uploads\/2025\/01\/2-01-1536x1483.png 1536w, https:\/\/gcaremed.com\/wp-content\/uploads\/2025\/01\/2-01-2048x1978.png 2048w\" sizes=\"(max-width: 2542px) 100vw, 2542px\" \/><\/figure><div class=\"elementor-image-box-content\"><p class=\"elementor-image-box-description\">Patienten, die\n\n\n Pflege zu Hause\n\n<\/p><\/div><\/div>\t\t\t\t<\/div>\n\t\t\t\t<\/div>\n\t\t\t\t\t<\/div>\n\t\t<\/div>\n\t\t\t\t<div class=\"elementor-column elementor-col-25 elementor-inner-column elementor-element elementor-element-63ab667\" data-id=\"63ab667\" data-element_type=\"column\" data-e-type=\"column\">\n\t\t\t<div class=\"elementor-widget-wrap elementor-element-populated\">\n\t\t\t\t\t\t<div class=\"elementor-element elementor-element-0f0f3ef elementor-position-top elementor-widget elementor-widget-image-box\" data-id=\"0f0f3ef\" data-element_type=\"widget\" data-e-type=\"widget\" data-widget_type=\"image-box.default\">\n\t\t\t\t<div class=\"elementor-widget-container\">\n\t\t\t\t\t<div class=\"elementor-image-box-wrapper\"><figure class=\"elementor-image-box-img\"><img loading=\"lazy\" decoding=\"async\" width=\"2542\" height=\"2455\" src=\"https:\/\/gcaremed.com\/wp-content\/uploads\/2025\/01\/4-01.png\" class=\"attachment-full size-full wp-image-208\" alt=\"\" srcset=\"https:\/\/gcaremed.com\/wp-content\/uploads\/2025\/01\/4-01.png 2542w, https:\/\/gcaremed.com\/wp-content\/uploads\/2025\/01\/4-01-300x290.png 300w, https:\/\/gcaremed.com\/wp-content\/uploads\/2025\/01\/4-01-1024x989.png 1024w, https:\/\/gcaremed.com\/wp-content\/uploads\/2025\/01\/4-01-768x742.png 768w, https:\/\/gcaremed.com\/wp-content\/uploads\/2025\/01\/4-01-1536x1483.png 1536w, https:\/\/gcaremed.com\/wp-content\/uploads\/2025\/01\/4-01-2048x1978.png 2048w\" sizes=\"(max-width: 2542px) 100vw, 2542px\" \/><\/figure><div class=\"elementor-image-box-content\"><p class=\"elementor-image-box-description\">Bewohner von Altenheimen\n\n\nund Pflegeeinrichtungen\n\n\n<\/p><\/div><\/div>\t\t\t\t<\/div>\n\t\t\t\t<\/div>\n\t\t\t\t\t<\/div>\n\t\t<\/div>\n\t\t\t\t<div class=\"elementor-column elementor-col-25 elementor-inner-column elementor-element elementor-element-4f708e7\" data-id=\"4f708e7\" data-element_type=\"column\" data-e-type=\"column\">\n\t\t\t<div class=\"elementor-widget-wrap elementor-element-populated\">\n\t\t\t\t\t\t<div class=\"elementor-element elementor-element-e6cb562 elementor-position-top elementor-widget elementor-widget-image-box\" data-id=\"e6cb562\" data-element_type=\"widget\" data-e-type=\"widget\" data-widget_type=\"image-box.default\">\n\t\t\t\t<div class=\"elementor-widget-container\">\n\t\t\t\t\t<div class=\"elementor-image-box-wrapper\"><figure class=\"elementor-image-box-img\"><img loading=\"lazy\" decoding=\"async\" width=\"2542\" height=\"2455\" src=\"https:\/\/gcaremed.com\/wp-content\/uploads\/2025\/01\/3-01.png\" class=\"attachment-full size-full wp-image-207\" alt=\"\" srcset=\"https:\/\/gcaremed.com\/wp-content\/uploads\/2025\/01\/3-01.png 2542w, https:\/\/gcaremed.com\/wp-content\/uploads\/2025\/01\/3-01-300x290.png 300w, https:\/\/gcaremed.com\/wp-content\/uploads\/2025\/01\/3-01-1024x989.png 1024w, https:\/\/gcaremed.com\/wp-content\/uploads\/2025\/01\/3-01-768x742.png 768w, https:\/\/gcaremed.com\/wp-content\/uploads\/2025\/01\/3-01-1536x1483.png 1536w, https:\/\/gcaremed.com\/wp-content\/uploads\/2025\/01\/3-01-2048x1978.png 2048w\" sizes=\"(max-width: 2542px) 100vw, 2542px\" \/><\/figure><div class=\"elementor-image-box-content\"><p class=\"elementor-image-box-description\">Betreutes\n\n\n Bewohner des betreuten Wohnens\n\n\n\n<\/p><\/div><\/div>\t\t\t\t<\/div>\n\t\t\t\t<\/div>\n\t\t\t\t\t<\/div>\n\t\t<\/div>\n\t\t\t\t\t<\/div>\n\t\t<\/section>\n\t\t\t\t\t<\/div>\n\t\t<\/div>\n\t\t\t\t\t<\/div>\n\t\t<\/section>\n\t\t\t\t<\/div>\n\t\t","protected":false},"excerpt":{"rendered":"<p>Demo anfordern Verbessern Sie die Pflege \u00e4lterer Menschen mit dem G-CARE-Armband Studien zeigen, dass Senioren, die bequem zu Hause leben, bessere medizinische Ergebnisse erzielen und eine h\u00f6here Lebensqualit\u00e4t haben als Menschen in Pflegeeinrichtungen. Die Sicherstellung einer angemessenen Gesundheits\u00fcberwachung zu Hause kann jedoch eine gro\u00dfe Herausforderung darstellen. \u00a0 Das G-CARE-Armband bietet eine innovative, zuverl\u00e4ssige und benutzerfreundliche [&hellip;]<\/p>\n","protected":false},"author":1,"featured_media":0,"parent":0,"menu_order":10,"comment_status":"closed","ping_status":"closed","template":"","meta":{"footnotes":""},"class_list":["post-226","page","type-page","status-publish","hentry"],"_links":{"self":[{"href":"https:\/\/gcaremed.com\/de\/wp-json\/wp\/v2\/pages\/226","targetHints":{"allow":["GET"]}}],"collection":[{"href":"https:\/\/gcaremed.com\/de\/wp-json\/wp\/v2\/pages"}],"about":[{"href":"https:\/\/gcaremed.com\/de\/wp-json\/wp\/v2\/types\/page"}],"author":[{"embeddable":true,"href":"https:\/\/gcaremed.com\/de\/wp-json\/wp\/v2\/users\/1"}],"replies":[{"embeddable":true,"href":"https:\/\/gcaremed.com\/de\/wp-json\/wp\/v2\/comments?post=226"}],"version-history":[{"count":7,"href":"https:\/\/gcaremed.com\/de\/wp-json\/wp\/v2\/pages\/226\/revisions"}],"predecessor-version":[{"id":261,"href":"https:\/\/gcaremed.com\/de\/wp-json\/wp\/v2\/pages\/226\/revisions\/261"}],"wp:attachment":[{"href":"https:\/\/gcaremed.com\/de\/wp-json\/wp\/v2\/media?parent=226"}],"curies":[{"name":"wp","href":"https:\/\/api.w.org\/{rel}","templated":true}]}}