{"id":228,"date":"2025-01-20T10:54:24","date_gmt":"2025-01-20T10:54:24","guid":{"rendered":"https:\/\/gcaremed.com\/solution\/"},"modified":"2025-02-06T13:39:36","modified_gmt":"2025-02-06T13:39:36","slug":"solution","status":"publish","type":"page","link":"https:\/\/gcaremed.com\/de\/solution\/","title":{"rendered":"Unsere L\u00f6sung"},"content":{"rendered":"\t\t<div data-elementor-type=\"wp-page\" data-elementor-id=\"228\" class=\"elementor elementor-228 elementor-13\" data-elementor-post-type=\"page\">\n\t\t\t\t\t\t<section class=\"elementor-section elementor-top-section elementor-element elementor-element-7ee9130 elementor-section-boxed elementor-section-height-default elementor-section-height-default\" data-id=\"7ee9130\" data-element_type=\"section\" data-e-type=\"section\">\n\t\t\t\t\t\t<div class=\"elementor-container elementor-column-gap-default\">\n\t\t\t\t\t<div class=\"elementor-column elementor-col-100 elementor-top-column elementor-element elementor-element-e55a5f5\" data-id=\"e55a5f5\" data-element_type=\"column\" data-e-type=\"column\">\n\t\t\t<div class=\"elementor-widget-wrap elementor-element-populated\">\n\t\t\t\t\t\t<div class=\"elementor-element elementor-element-b139bc5 elementor-widget elementor-widget-heading\" data-id=\"b139bc5\" data-element_type=\"widget\" data-e-type=\"widget\" data-widget_type=\"heading.default\">\n\t\t\t\t<div class=\"elementor-widget-container\">\n\t\t\t\t\t<h2 class=\"elementor-heading-title elementor-size-default\">Entwicklung eines autonomen\n\nSystem zur \u00dcberwachung der Vitalparameter\n<\/h2>\t\t\t\t<\/div>\n\t\t\t\t<\/div>\n\t\t\t\t<div class=\"elementor-element elementor-element-0c7524b elementor-widget elementor-widget-text-editor\" data-id=\"0c7524b\" data-element_type=\"widget\" data-e-type=\"widget\" data-widget_type=\"text-editor.default\">\n\t\t\t\t<div class=\"elementor-widget-container\">\n\t\t\t\t\t\t\t\t\t<p>Die Innovationsabteilung von GoldenCare (GCARE) wurde gegr\u00fcndet, um die besonderen Bed\u00fcrfnisse \u00e4lterer und behinderter Menschen mit Hilfe von Spitzentechnologien und dem umfassenden Know-how des Unternehmens zu erf\u00fcllen.<\/p><p>Das GCARE-Armband wurde f\u00fcr die kontinuierliche \u00dcberwachung der Vitalparameter bei \u00e4lteren Menschen entwickelt, die zu Hause leben. Dieser proaktive Ansatz tr\u00e4gt dazu bei, eine Verschlechterung des Gesundheitszustands zu verhindern, verringert die Zahl der Krankenhausaufenthalte und verschafft sowohl den Nutzern als auch ihren Familien ein unsch\u00e4tzbares Gef\u00fchl der Sicherheit.<\/p>\t\t\t\t\t\t\t\t<\/div>\n\t\t\t\t<\/div>\n\t\t\t\t\t<\/div>\n\t\t<\/div>\n\t\t\t\t\t<\/div>\n\t\t<\/section>\n\t\t\t\t<section class=\"elementor-section elementor-top-section elementor-element elementor-element-f8a7a28 elementor-section-boxed elementor-section-height-default elementor-section-height-default\" data-id=\"f8a7a28\" data-element_type=\"section\" data-e-type=\"section\">\n\t\t\t\t\t\t<div class=\"elementor-container elementor-column-gap-default\">\n\t\t\t\t\t<div class=\"elementor-column elementor-col-100 elementor-top-column elementor-element elementor-element-cfd19a7\" data-id=\"cfd19a7\" data-element_type=\"column\" data-e-type=\"column\">\n\t\t\t<div class=\"elementor-widget-wrap elementor-element-populated\">\n\t\t\t\t\t\t<section class=\"elementor-section elementor-inner-section elementor-element elementor-element-44be453 elementor-section-boxed elementor-section-height-default elementor-section-height-default\" data-id=\"44be453\" data-element_type=\"section\" data-e-type=\"section\">\n\t\t\t\t\t\t<div class=\"elementor-container elementor-column-gap-default\">\n\t\t\t\t\t<div class=\"elementor-column elementor-col-25 elementor-inner-column elementor-element elementor-element-7a47680\" data-id=\"7a47680\" data-element_type=\"column\" data-e-type=\"column\">\n\t\t\t<div class=\"elementor-widget-wrap elementor-element-populated\">\n\t\t\t\t\t\t<div class=\"elementor-element elementor-element-d855608 elementor-widget elementor-widget-heading\" data-id=\"d855608\" data-element_type=\"widget\" data-e-type=\"widget\" data-widget_type=\"heading.default\">\n\t\t\t\t<div class=\"elementor-widget-container\">\n\t\t\t\t\t<div class=\"elementor-heading-title elementor-size-default\">Pulsfrequenz<\/div>\t\t\t\t<\/div>\n\t\t\t\t<\/div>\n\t\t\t\t<div class=\"elementor-element elementor-element-d101a3d elementor-widget elementor-widget-image\" data-id=\"d101a3d\" data-element_type=\"widget\" data-e-type=\"widget\" data-widget_type=\"image.default\">\n\t\t\t\t<div class=\"elementor-widget-container\">\n\t\t\t\t\t\t\t\t\t\t\t\t\t\t\t<img fetchpriority=\"high\" decoding=\"async\" width=\"273\" height=\"252\" src=\"https:\/\/gcaremed.com\/wp-content\/uploads\/2025\/01\/Pulls-rate.png\" class=\"attachment-full size-full wp-image-216\" alt=\"\" \/>\t\t\t\t\t\t\t\t\t\t\t\t\t\t\t<\/div>\n\t\t\t\t<\/div>\n\t\t\t\t\t<\/div>\n\t\t<\/div>\n\t\t\t\t<div class=\"elementor-column elementor-col-25 elementor-inner-column elementor-element elementor-element-eefc07b\" data-id=\"eefc07b\" data-element_type=\"column\" data-e-type=\"column\">\n\t\t\t<div class=\"elementor-widget-wrap elementor-element-populated\">\n\t\t\t\t\t\t<div class=\"elementor-element elementor-element-e727385 elementor-widget elementor-widget-heading\" data-id=\"e727385\" data-element_type=\"widget\" data-e-type=\"widget\" data-widget_type=\"heading.default\">\n\t\t\t\t<div class=\"elementor-widget-container\">\n\t\t\t\t\t<div class=\"elementor-heading-title elementor-size-default\">S\u00e4ttigung<\/div>\t\t\t\t<\/div>\n\t\t\t\t<\/div>\n\t\t\t\t<div class=\"elementor-element elementor-element-47bdfe9 elementor-widget elementor-widget-image\" data-id=\"47bdfe9\" data-element_type=\"widget\" data-e-type=\"widget\" data-widget_type=\"image.default\">\n\t\t\t\t<div class=\"elementor-widget-container\">\n\t\t\t\t\t\t\t\t\t\t\t\t\t\t\t<img decoding=\"async\" width=\"273\" height=\"252\" src=\"https:\/\/gcaremed.com\/wp-content\/uploads\/2025\/01\/Saturation.png\" class=\"attachment-full size-full wp-image-217\" alt=\"\" \/>\t\t\t\t\t\t\t\t\t\t\t\t\t\t\t<\/div>\n\t\t\t\t<\/div>\n\t\t\t\t\t<\/div>\n\t\t<\/div>\n\t\t\t\t<div class=\"elementor-column elementor-col-25 elementor-inner-column elementor-element elementor-element-4633683\" data-id=\"4633683\" data-element_type=\"column\" data-e-type=\"column\">\n\t\t\t<div class=\"elementor-widget-wrap elementor-element-populated\">\n\t\t\t\t\t\t<div class=\"elementor-element elementor-element-63dbea7 elementor-widget elementor-widget-heading\" data-id=\"63dbea7\" data-element_type=\"widget\" data-e-type=\"widget\" data-widget_type=\"heading.default\">\n\t\t\t\t<div class=\"elementor-widget-container\">\n\t\t\t\t\t<div class=\"elementor-heading-title elementor-size-default\">K\u00f6rpertemperatur<\/div>\t\t\t\t<\/div>\n\t\t\t\t<\/div>\n\t\t\t\t<div class=\"elementor-element elementor-element-4663d0c elementor-widget elementor-widget-image\" data-id=\"4663d0c\" data-element_type=\"widget\" data-e-type=\"widget\" data-widget_type=\"image.default\">\n\t\t\t\t<div class=\"elementor-widget-container\">\n\t\t\t\t\t\t\t\t\t\t\t\t\t\t\t<img decoding=\"async\" width=\"273\" height=\"252\" src=\"https:\/\/gcaremed.com\/wp-content\/uploads\/2025\/01\/Body-Temperature.png\" class=\"attachment-full size-full wp-image-214\" alt=\"\" \/>\t\t\t\t\t\t\t\t\t\t\t\t\t\t\t<\/div>\n\t\t\t\t<\/div>\n\t\t\t\t\t<\/div>\n\t\t<\/div>\n\t\t\t\t<div class=\"elementor-column elementor-col-25 elementor-inner-column elementor-element elementor-element-6d01727\" data-id=\"6d01727\" data-element_type=\"column\" data-e-type=\"column\">\n\t\t\t<div class=\"elementor-widget-wrap elementor-element-populated\">\n\t\t\t\t\t\t<div class=\"elementor-element elementor-element-5ca5a04 elementor-widget elementor-widget-heading\" data-id=\"5ca5a04\" data-element_type=\"widget\" data-e-type=\"widget\" data-widget_type=\"heading.default\">\n\t\t\t\t<div class=\"elementor-widget-container\">\n\t\t\t\t\t<div class=\"elementor-heading-title elementor-size-default\">Blutdruck<\/div>\t\t\t\t<\/div>\n\t\t\t\t<\/div>\n\t\t\t\t<div class=\"elementor-element elementor-element-c19e67e elementor-widget elementor-widget-image\" data-id=\"c19e67e\" data-element_type=\"widget\" data-e-type=\"widget\" data-widget_type=\"image.default\">\n\t\t\t\t<div class=\"elementor-widget-container\">\n\t\t\t\t\t\t\t\t\t\t\t\t\t\t\t<img loading=\"lazy\" decoding=\"async\" width=\"273\" height=\"252\" src=\"https:\/\/gcaremed.com\/wp-content\/uploads\/2025\/01\/Blood-pressure.png\" class=\"attachment-full size-full wp-image-213\" alt=\"\" \/>\t\t\t\t\t\t\t\t\t\t\t\t\t\t\t<\/div>\n\t\t\t\t<\/div>\n\t\t\t\t\t<\/div>\n\t\t<\/div>\n\t\t\t\t\t<\/div>\n\t\t<\/section>\n\t\t\t\t<section class=\"elementor-section elementor-inner-section elementor-element elementor-element-5ff585c elementor-section-boxed elementor-section-height-default elementor-section-height-default\" data-id=\"5ff585c\" data-element_type=\"section\" data-e-type=\"section\">\n\t\t\t\t\t\t<div class=\"elementor-container elementor-column-gap-default\">\n\t\t\t\t\t<div class=\"elementor-column elementor-col-20 elementor-inner-column elementor-element elementor-element-4d35f64\" data-id=\"4d35f64\" data-element_type=\"column\" data-e-type=\"column\">\n\t\t\t<div class=\"elementor-widget-wrap\">\n\t\t\t\t\t\t\t<\/div>\n\t\t<\/div>\n\t\t\t\t<div class=\"elementor-column elementor-col-20 elementor-inner-column elementor-element elementor-element-11402a0\" data-id=\"11402a0\" data-element_type=\"column\" data-e-type=\"column\">\n\t\t\t<div class=\"elementor-widget-wrap elementor-element-populated\">\n\t\t\t\t\t\t<div class=\"elementor-element elementor-element-25aef3a elementor-widget elementor-widget-heading\" data-id=\"25aef3a\" data-element_type=\"widget\" data-e-type=\"widget\" data-widget_type=\"heading.default\">\n\t\t\t\t<div class=\"elementor-widget-container\">\n\t\t\t\t\t<div class=\"elementor-heading-title elementor-size-default\">Schwach buttrig<\/div>\t\t\t\t<\/div>\n\t\t\t\t<\/div>\n\t\t\t\t<div class=\"elementor-element elementor-element-309af40 elementor-widget elementor-widget-image\" data-id=\"309af40\" data-element_type=\"widget\" data-e-type=\"widget\" data-widget_type=\"image.default\">\n\t\t\t\t<div class=\"elementor-widget-container\">\n\t\t\t\t\t\t\t\t\t\t\t\t\t\t\t<img loading=\"lazy\" decoding=\"async\" width=\"273\" height=\"252\" src=\"https:\/\/gcaremed.com\/wp-content\/uploads\/2025\/01\/Weak-Buttery.png\" class=\"attachment-full size-full wp-image-218\" alt=\"\" \/>\t\t\t\t\t\t\t\t\t\t\t\t\t\t\t<\/div>\n\t\t\t\t<\/div>\n\t\t\t\t\t<\/div>\n\t\t<\/div>\n\t\t\t\t<div class=\"elementor-column elementor-col-20 elementor-inner-column elementor-element elementor-element-1bdcb61\" data-id=\"1bdcb61\" data-element_type=\"column\" data-e-type=\"column\">\n\t\t\t<div class=\"elementor-widget-wrap elementor-element-populated\">\n\t\t\t\t\t\t<div class=\"elementor-element elementor-element-f064e1b elementor-widget elementor-widget-heading\" data-id=\"f064e1b\" data-element_type=\"widget\" data-e-type=\"widget\" data-widget_type=\"heading.default\">\n\t\t\t\t<div class=\"elementor-widget-container\">\n\t\t\t\t\t<div class=\"elementor-heading-title elementor-size-default\">Entfernen des Armbands<\/div>\t\t\t\t<\/div>\n\t\t\t\t<\/div>\n\t\t\t\t<div class=\"elementor-element elementor-element-3618a1b elementor-widget elementor-widget-image\" data-id=\"3618a1b\" data-element_type=\"widget\" data-e-type=\"widget\" data-widget_type=\"image.default\">\n\t\t\t\t<div class=\"elementor-widget-container\">\n\t\t\t\t\t\t\t\t\t\t\t\t\t\t\t<img loading=\"lazy\" decoding=\"async\" width=\"273\" height=\"252\" src=\"https:\/\/gcaremed.com\/wp-content\/uploads\/2025\/01\/Wristband-Removal.png\" class=\"attachment-full size-full wp-image-219\" alt=\"\" \/>\t\t\t\t\t\t\t\t\t\t\t\t\t\t\t<\/div>\n\t\t\t\t<\/div>\n\t\t\t\t\t<\/div>\n\t\t<\/div>\n\t\t\t\t<div class=\"elementor-column elementor-col-20 elementor-inner-column elementor-element elementor-element-6bc48d5\" data-id=\"6bc48d5\" data-element_type=\"column\" data-e-type=\"column\">\n\t\t\t<div class=\"elementor-widget-wrap elementor-element-populated\">\n\t\t\t\t\t\t<div class=\"elementor-element elementor-element-d09abb1 elementor-widget elementor-widget-heading\" data-id=\"d09abb1\" data-element_type=\"widget\" data-e-type=\"widget\" data-widget_type=\"heading.default\">\n\t\t\t\t<div class=\"elementor-widget-container\">\n\t\t\t\t\t<div class=\"elementor-heading-title elementor-size-default\">Sturzalarm<\/div>\t\t\t\t<\/div>\n\t\t\t\t<\/div>\n\t\t\t\t<div class=\"elementor-element elementor-element-0fbb5d6 elementor-widget elementor-widget-image\" data-id=\"0fbb5d6\" data-element_type=\"widget\" data-e-type=\"widget\" data-widget_type=\"image.default\">\n\t\t\t\t<div class=\"elementor-widget-container\">\n\t\t\t\t\t\t\t\t\t\t\t\t\t\t\t<img loading=\"lazy\" decoding=\"async\" width=\"273\" height=\"252\" src=\"https:\/\/gcaremed.com\/wp-content\/uploads\/2025\/01\/Falling-Alert.png\" class=\"attachment-full size-full wp-image-215\" alt=\"\" \/>\t\t\t\t\t\t\t\t\t\t\t\t\t\t\t<\/div>\n\t\t\t\t<\/div>\n\t\t\t\t\t<\/div>\n\t\t<\/div>\n\t\t\t\t<div class=\"elementor-column elementor-col-20 elementor-inner-column elementor-element elementor-element-2a9895e\" data-id=\"2a9895e\" data-element_type=\"column\" data-e-type=\"column\">\n\t\t\t<div class=\"elementor-widget-wrap\">\n\t\t\t\t\t\t\t<\/div>\n\t\t<\/div>\n\t\t\t\t\t<\/div>\n\t\t<\/section>\n\t\t\t\t\t<\/div>\n\t\t<\/div>\n\t\t\t\t\t<\/div>\n\t\t<\/section>\n\t\t\t\t<section class=\"elementor-section elementor-top-section elementor-element elementor-element-db2a40c elementor-section-boxed elementor-section-height-default elementor-section-height-default\" data-id=\"db2a40c\" data-element_type=\"section\" data-e-type=\"section\">\n\t\t\t\t\t\t<div class=\"elementor-container elementor-column-gap-default\">\n\t\t\t\t\t<div class=\"elementor-column elementor-col-100 elementor-top-column elementor-element elementor-element-976051d\" data-id=\"976051d\" data-element_type=\"column\" data-e-type=\"column\">\n\t\t\t<div class=\"elementor-widget-wrap elementor-element-populated\">\n\t\t\t\t\t\t<div class=\"elementor-element elementor-element-a8415c9 elementor-widget-divider--view-line elementor-widget elementor-widget-divider\" data-id=\"a8415c9\" data-element_type=\"widget\" data-e-type=\"widget\" data-widget_type=\"divider.default\">\n\t\t\t\t<div class=\"elementor-widget-container\">\n\t\t\t\t\t\t\t<div class=\"elementor-divider\">\n\t\t\t<span class=\"elementor-divider-separator\">\n\t\t\t\t\t\t<\/span>\n\t\t<\/div>\n\t\t\t\t\t\t<\/div>\n\t\t\t\t<\/div>\n\t\t\t\t\t<\/div>\n\t\t<\/div>\n\t\t\t\t\t<\/div>\n\t\t<\/section>\n\t\t\t\t<section class=\"elementor-section elementor-top-section elementor-element elementor-element-3d86968 elementor-section-height-min-height elementor-section-items-top elementor-section-boxed elementor-section-height-default\" data-id=\"3d86968\" data-element_type=\"section\" data-e-type=\"section\">\n\t\t\t\t\t\t<div class=\"elementor-container elementor-column-gap-default\">\n\t\t\t\t\t<div class=\"elementor-column elementor-col-33 elementor-top-column elementor-element elementor-element-5ac6f14\" data-id=\"5ac6f14\" data-element_type=\"column\" data-e-type=\"column\">\n\t\t\t<div class=\"elementor-widget-wrap elementor-element-populated\">\n\t\t\t\t\t\t<div class=\"elementor-element elementor-element-3836db0 elementor-position-top elementor-widget elementor-widget-image-box\" data-id=\"3836db0\" data-element_type=\"widget\" data-e-type=\"widget\" data-widget_type=\"image-box.default\">\n\t\t\t\t<div class=\"elementor-widget-container\">\n\t\t\t\t\t<div class=\"elementor-image-box-wrapper\"><figure class=\"elementor-image-box-img\"><img loading=\"lazy\" decoding=\"async\" width=\"396\" height=\"331\" src=\"https:\/\/gcaremed.com\/wp-content\/uploads\/2025\/01\/Sys_comp_01-1.png\" class=\"attachment-full size-full wp-image-220\" alt=\"\" srcset=\"https:\/\/gcaremed.com\/wp-content\/uploads\/2025\/01\/Sys_comp_01-1.png 396w, https:\/\/gcaremed.com\/wp-content\/uploads\/2025\/01\/Sys_comp_01-1-300x251.png 300w\" sizes=\"(max-width: 396px) 100vw, 396px\" \/><\/figure><div class=\"elementor-image-box-content\"><h3 class=\"elementor-image-box-title\">1<\/h3><p class=\"elementor-image-box-description\">\n\n<\/p><\/div><\/div>\t\t\t\t<\/div>\n\t\t\t\t<\/div>\n\t\t\t\t\t<\/div>\n\t\t<\/div>\n\t\t\t\t<div class=\"elementor-column elementor-col-33 elementor-top-column elementor-element elementor-element-6ef88ef\" data-id=\"6ef88ef\" data-element_type=\"column\" data-e-type=\"column\">\n\t\t\t<div class=\"elementor-widget-wrap elementor-element-populated\">\n\t\t\t\t\t\t<div class=\"elementor-element elementor-element-a72d740 elementor-widget-divider--view-line elementor-widget elementor-widget-divider\" data-id=\"a72d740\" data-element_type=\"widget\" data-e-type=\"widget\" data-widget_type=\"divider.default\">\n\t\t\t\t<div class=\"elementor-widget-container\">\n\t\t\t\t\t\t\t<div class=\"elementor-divider\">\n\t\t\t<span class=\"elementor-divider-separator\">\n\t\t\t\t\t\t<\/span>\n\t\t<\/div>\n\t\t\t\t\t\t<\/div>\n\t\t\t\t<\/div>\n\t\t\t\t\t<\/div>\n\t\t<\/div>\n\t\t\t\t<div class=\"elementor-column elementor-col-33 elementor-top-column elementor-element elementor-element-642a6f0\" data-id=\"642a6f0\" data-element_type=\"column\" data-e-type=\"column\">\n\t\t\t<div class=\"elementor-widget-wrap elementor-element-populated\">\n\t\t\t\t\t\t<div class=\"elementor-element elementor-element-2c75ec3 elementor-position-top elementor-widget elementor-widget-image-box\" data-id=\"2c75ec3\" data-element_type=\"widget\" data-e-type=\"widget\" data-widget_type=\"image-box.default\">\n\t\t\t\t<div class=\"elementor-widget-container\">\n\t\t\t\t\t<div class=\"elementor-image-box-wrapper\"><figure class=\"elementor-image-box-img\"><img loading=\"lazy\" decoding=\"async\" width=\"331\" height=\"326\" src=\"https:\/\/gcaremed.com\/wp-content\/uploads\/2025\/01\/Sys_comp_02-1.png\" class=\"attachment-full size-full wp-image-221\" alt=\"\" srcset=\"https:\/\/gcaremed.com\/wp-content\/uploads\/2025\/01\/Sys_comp_02-1.png 331w, https:\/\/gcaremed.com\/wp-content\/uploads\/2025\/01\/Sys_comp_02-1-300x295.png 300w\" sizes=\"(max-width: 331px) 100vw, 331px\" \/><\/figure><div class=\"elementor-image-box-content\"><h3 class=\"elementor-image-box-title\">2<\/h3><p class=\"elementor-image-box-description\">\n\n<\/p><\/div><\/div>\t\t\t\t<\/div>\n\t\t\t\t<\/div>\n\t\t\t\t\t<\/div>\n\t\t<\/div>\n\t\t\t\t\t<\/div>\n\t\t<\/section>\n\t\t\t\t<section class=\"elementor-section elementor-top-section elementor-element elementor-element-8e8891b elementor-section-height-min-height elementor-section-items-top elementor-section-boxed elementor-section-height-default\" data-id=\"8e8891b\" data-element_type=\"section\" data-e-type=\"section\">\n\t\t\t\t\t\t<div class=\"elementor-container elementor-column-gap-default\">\n\t\t\t\t\t<div class=\"elementor-column elementor-col-100 elementor-top-column elementor-element elementor-element-92255a3\" data-id=\"92255a3\" data-element_type=\"column\" data-e-type=\"column\">\n\t\t\t<div class=\"elementor-widget-wrap elementor-element-populated\">\n\t\t\t\t\t\t<div class=\"elementor-element elementor-element-e3bcdcc elementor-widget elementor-widget-heading\" data-id=\"e3bcdcc\" data-element_type=\"widget\" data-e-type=\"widget\" data-widget_type=\"heading.default\">\n\t\t\t\t<div class=\"elementor-widget-container\">\n\t\t\t\t\t<h2 class=\"elementor-heading-title elementor-size-default\">1. Autonomer Sender f\u00fcr Armb\u00e4nder<br><\/h2>\t\t\t\t<\/div>\n\t\t\t\t<\/div>\n\t\t\t\t<div class=\"elementor-element elementor-element-5ec8334 elementor-widget elementor-widget-text-editor\" data-id=\"5ec8334\" data-element_type=\"widget\" data-e-type=\"widget\" data-widget_type=\"text-editor.default\">\n\t\t\t\t<div class=\"elementor-widget-container\">\n\t\t\t\t\t\t\t\t\t<p>\u00dcberwacht m\u00fchelos die Vitalparameter in Echtzeit und \u00fcbertr\u00e4gt die Daten nahtlos an ein fortschrittliches Erfassungs- und Analysesystem, um zeitnahe Erkenntnisse und eine proaktive Pflege zu gew\u00e4hrleisten.<\/p>\t\t\t\t\t\t\t\t<\/div>\n\t\t\t\t<\/div>\n\t\t\t\t<div class=\"elementor-element elementor-element-5249b69 elementor-widget elementor-widget-heading\" data-id=\"5249b69\" data-element_type=\"widget\" data-e-type=\"widget\" data-widget_type=\"heading.default\">\n\t\t\t\t<div class=\"elementor-widget-container\">\n\t\t\t\t\t<h2 class=\"elementor-heading-title elementor-size-default\">2. fortschrittliches Datenerfassungssystem<\/h2>\t\t\t\t<\/div>\n\t\t\t\t<\/div>\n\t\t\t\t<div class=\"elementor-element elementor-element-9923b65 elementor-widget elementor-widget-text-editor\" data-id=\"9923b65\" data-element_type=\"widget\" data-e-type=\"widget\" data-widget_type=\"text-editor.default\">\n\t\t\t\t<div class=\"elementor-widget-container\">\n\t\t\t\t\t\t\t\t\t<p>Das System ist mit zwei hochmodernen Modulen ausgestattet:<\/p><p><strong>KI-Analyse-Modul:<\/strong> Erstellt ein personalisiertes Gesundheitsprofil f\u00fcr jeden Nutzer und erm\u00f6glicht so eine ma\u00dfgeschneiderte \u00dcberwachung.<br \/><strong>Alarm-Modul:<\/strong> Benachrichtigt sofort, wenn die Vitalparameter vom normalen Profil des Benutzers abweichen oder wenn ein Sturz festgestellt wird.<br \/>Im Falle eines Alarms kontaktiert das System automatisch vorher ausgew\u00e4hlte Personen &#8211; ob Familienmitglieder, medizinische Teams oder h\u00e4usliche Pflegedienstleister &#8211; und sorgt so f\u00fcr rechtzeitige Hilfe und Seelenfrieden.<\/p>\t\t\t\t\t\t\t\t<\/div>\n\t\t\t\t<\/div>\n\t\t\t\t\t<\/div>\n\t\t<\/div>\n\t\t\t\t\t<\/div>\n\t\t<\/section>\n\t\t\t\t<section class=\"elementor-section elementor-top-section elementor-element elementor-element-319b9db elementor-section-boxed elementor-section-height-default elementor-section-height-default\" data-id=\"319b9db\" data-element_type=\"section\" data-e-type=\"section\">\n\t\t\t\t\t\t<div class=\"elementor-container elementor-column-gap-default\">\n\t\t\t\t\t<div class=\"elementor-column elementor-col-100 elementor-top-column elementor-element elementor-element-f70a3e3\" data-id=\"f70a3e3\" data-element_type=\"column\" data-e-type=\"column\">\n\t\t\t<div class=\"elementor-widget-wrap elementor-element-populated\">\n\t\t\t\t\t\t<div class=\"elementor-element elementor-element-1ec30f1 elementor-widget elementor-widget-image\" data-id=\"1ec30f1\" data-element_type=\"widget\" data-e-type=\"widget\" data-widget_type=\"image.default\">\n\t\t\t\t<div class=\"elementor-widget-container\">\n\t\t\t\t\t\t\t\t\t\t\t\t\t\t\t<img loading=\"lazy\" decoding=\"async\" width=\"2500\" height=\"1405\" src=\"https:\/\/gcaremed.com\/wp-content\/uploads\/2025\/01\/image28.jpg\" class=\"attachment-full size-full wp-image-204\" alt=\"\" srcset=\"https:\/\/gcaremed.com\/wp-content\/uploads\/2025\/01\/image28.jpg 2500w, https:\/\/gcaremed.com\/wp-content\/uploads\/2025\/01\/image28-300x169.jpg 300w, https:\/\/gcaremed.com\/wp-content\/uploads\/2025\/01\/image28-1024x575.jpg 1024w, https:\/\/gcaremed.com\/wp-content\/uploads\/2025\/01\/image28-768x432.jpg 768w, https:\/\/gcaremed.com\/wp-content\/uploads\/2025\/01\/image28-1536x863.jpg 1536w, https:\/\/gcaremed.com\/wp-content\/uploads\/2025\/01\/image28-2048x1151.jpg 2048w\" sizes=\"(max-width: 2500px) 100vw, 2500px\" \/>\t\t\t\t\t\t\t\t\t\t\t\t\t\t\t<\/div>\n\t\t\t\t<\/div>\n\t\t\t\t<div class=\"elementor-element elementor-element-7cd5e75 elementor-widget elementor-widget-image\" data-id=\"7cd5e75\" data-element_type=\"widget\" data-e-type=\"widget\" data-widget_type=\"image.default\">\n\t\t\t\t<div class=\"elementor-widget-container\">\n\t\t\t\t\t\t\t\t\t\t\t\t\t\t\t\t<a href=\"http:\/\/gcaremed.com\/wp-content\/uploads\/2025\/01\/Sys-Arch.jpg\" data-elementor-open-lightbox=\"yes\" data-elementor-lightbox-title=\"Sys Arch\" data-e-action-hash=\"#elementor-action%3Aaction%3Dlightbox%26settings%3DeyJpZCI6MjIyLCJ1cmwiOiJodHRwczpcL1wvZ2NhcmVtZWQuY29tXC93cC1jb250ZW50XC91cGxvYWRzXC8yMDI1XC8wMVwvU3lzLUFyY2guanBnIn0%3D\">\n\t\t\t\t\t\t\t<img loading=\"lazy\" decoding=\"async\" width=\"1280\" height=\"720\" src=\"https:\/\/gcaremed.com\/wp-content\/uploads\/2025\/01\/Sys-Arch.jpg\" class=\"attachment-full size-full wp-image-222\" alt=\"\" srcset=\"https:\/\/gcaremed.com\/wp-content\/uploads\/2025\/01\/Sys-Arch.jpg 1280w, https:\/\/gcaremed.com\/wp-content\/uploads\/2025\/01\/Sys-Arch-300x169.jpg 300w, https:\/\/gcaremed.com\/wp-content\/uploads\/2025\/01\/Sys-Arch-1024x576.jpg 1024w, https:\/\/gcaremed.com\/wp-content\/uploads\/2025\/01\/Sys-Arch-768x432.jpg 768w\" sizes=\"(max-width: 1280px) 100vw, 1280px\" \/>\t\t\t\t\t\t\t\t<\/a>\n\t\t\t\t\t\t\t\t\t\t\t\t\t\t\t<\/div>\n\t\t\t\t<\/div>\n\t\t\t\t\t<\/div>\n\t\t<\/div>\n\t\t\t\t\t<\/div>\n\t\t<\/section>\n\t\t\t\t<\/div>\n\t\t","protected":false},"excerpt":{"rendered":"<p>Entwicklung eines autonomen System zur \u00dcberwachung der Vitalparameter Die Innovationsabteilung von GoldenCare (GCARE) wurde gegr\u00fcndet, um die besonderen Bed\u00fcrfnisse \u00e4lterer und behinderter Menschen mit Hilfe von Spitzentechnologien und dem umfassenden Know-how des Unternehmens zu erf\u00fcllen. Das GCARE-Armband wurde f\u00fcr die kontinuierliche \u00dcberwachung der Vitalparameter bei \u00e4lteren Menschen entwickelt, die zu Hause leben. Dieser proaktive Ansatz [&hellip;]<\/p>\n","protected":false},"author":1,"featured_media":0,"parent":0,"menu_order":20,"comment_status":"closed","ping_status":"closed","template":"","meta":{"footnotes":""},"class_list":["post-228","page","type-page","status-publish","hentry"],"_links":{"self":[{"href":"https:\/\/gcaremed.com\/de\/wp-json\/wp\/v2\/pages\/228","targetHints":{"allow":["GET"]}}],"collection":[{"href":"https:\/\/gcaremed.com\/de\/wp-json\/wp\/v2\/pages"}],"about":[{"href":"https:\/\/gcaremed.com\/de\/wp-json\/wp\/v2\/types\/page"}],"author":[{"embeddable":true,"href":"https:\/\/gcaremed.com\/de\/wp-json\/wp\/v2\/users\/1"}],"replies":[{"embeddable":true,"href":"https:\/\/gcaremed.com\/de\/wp-json\/wp\/v2\/comments?post=228"}],"version-history":[{"count":4,"href":"https:\/\/gcaremed.com\/de\/wp-json\/wp\/v2\/pages\/228\/revisions"}],"predecessor-version":[{"id":258,"href":"https:\/\/gcaremed.com\/de\/wp-json\/wp\/v2\/pages\/228\/revisions\/258"}],"wp:attachment":[{"href":"https:\/\/gcaremed.com\/de\/wp-json\/wp\/v2\/media?parent=228"}],"curies":[{"name":"wp","href":"https:\/\/api.w.org\/{rel}","templated":true}]}}